{"id":1218,"date":"2022-12-19T09:25:13","date_gmt":"2022-12-19T07:25:13","guid":{"rendered":"https:\/\/www.deesse.com\/?page_id=1218"},"modified":"2023-10-09T10:12:49","modified_gmt":"2023-10-09T08:12:49","slug":"impronta","status":"publish","type":"page","link":"https:\/\/www.deesse.com\/it\/impronta\/","title":{"rendered":"Impronta"},"content":{"rendered":"<p>[et_pb_section fb_built=&#8221;1&#8243; module_id=&#8221;imprint&#8221; _builder_version=&#8221;4.19.4&#8243; _module_preset=&#8221;default&#8221; custom_margin=&#8221;||0px||false|false&#8221; custom_padding=&#8221;||0px||false|false&#8221; global_colors_info=&#8221;{}&#8221;][et_pb_row _builder_version=&#8221;4.19.4&#8243; _module_preset=&#8221;default&#8221; custom_margin=&#8221;||0px||false|false&#8221; custom_padding=&#8221;||0px||false|false&#8221; global_colors_info=&#8221;{}&#8221;][et_pb_column type=&#8221;4_4&#8243; _builder_version=&#8221;4.19.4&#8243; _module_preset=&#8221;default&#8221; global_colors_info=&#8221;{}&#8221;][et_pb_text admin_label=&#8221;Impressum&#8221; _builder_version=&#8221;4.19.4&#8243; _module_preset=&#8221;default&#8221; header_font=&#8221;|||on|||||&#8221; header_text_align=&#8221;center&#8221; header_2_font=&#8221;|||on|||||&#8221; header_2_text_align=&#8221;center&#8221; custom_margin=&#8221;||0px||false|false&#8221; custom_padding=&#8221;||0px||false|false&#8221; global_colors_info=&#8221;{}&#8221;]<\/p>\n<h1><em>Note legali<\/em><\/h1>\n<p>[\/et_pb_text][\/et_pb_column][\/et_pb_row][et_pb_row _builder_version=&#8221;4.19.4&#8243; _module_preset=&#8221;default&#8221; global_colors_info=&#8221;{}&#8221;][et_pb_column type=&#8221;4_4&#8243; _builder_version=&#8221;4.19.4&#8243; _module_preset=&#8221;default&#8221; global_colors_info=&#8221;{}&#8221;][et_pb_text _builder_version=&#8221;4.22.1&#8243; _module_preset=&#8221;default&#8221; header_2_font_size=&#8221;20px&#8221; hover_enabled=&#8221;0&#8243; header_2_font_size_tablet=&#8221;20px&#8221; header_2_font_size_phone=&#8221;20px&#8221; header_2_font_size_last_edited=&#8221;on|desktop&#8221; global_colors_info=&#8221;{}&#8221; sticky_enabled=&#8221;0&#8243;]Il presente sito web \u00e8 un\u2019offerta congiunta della societ\u00e0 D\u00e9esse AG con sede in Svizzera e dell\u2019affiliata di questa D\u00e9esse International GmbH con sede in Germania<\/p>\n<p>Schweiz\/Suisse\/Svizzera\/Switzerland<br \/>\n<strong>D\u00c9ESSE AG<\/strong><br \/>\nConsiglio d\u2018amministrazione \/ Legali rappresentanti: Stefan Sturdza, Oliver Weidmann<br \/>\nIndustriestrasse 10<br \/>\nCH-8618 Oetwil am See<br \/>\nTel +41 44 929 65 65<br \/>\nFax +41 44 929 65 66<br \/>\nwww.deesse.com<br \/>\nhello@deesse.com<br \/>\nRegistro di commercio: Canton Zurigo, CH-020.3.905.530-5<br \/>\nPartita IVA: CHE-107.899.495<\/p>\n<p>Deutschland\/Allemagne\/Germania\/Germany; European Union\/EU<br \/>\n<strong>D\u00c9ESSE INTERNATIONAL GMBH<\/strong><br \/>\nAmministratori delegati: Stefan Sturdza<br \/>\nKeltenring 14<br \/>\nD-82041 Oberhaching<br \/>\nTel +49 89 230 2150-0<br \/>\nFax +49 89 230 2150 99<br \/>\nwww.deesse.com<br \/>\nhello@deesse.com<br \/>\nRegistro delle Imprese: Tribunale distrettuale di Monaco di Baviera numero d\u2019iscrizione,\u00a0HRB 76498<br \/>\nPartita IVA.: DE 129323659<\/p>\n<h2>DISCLAIMER \u2013 NOTE LEGALI<\/h2>\n<p><strong>RESPONSABILIT\u00c0 PER I CONTENUTI<\/strong><br \/>\nIn quanto fornitori di servizi siamo responsabili dei contenuti di queste pagine in base alle leggi vigenti. I contenuti scaricabili sui nostri siti forniscono informazioni generali e non una consulenza. Ci sforziamo di garantire la correttezza e attualit\u00e0 di tutte le informazioni e i dati contenuti nel nostro sito web.  Tuttavia non prestiamo alcuna garanzia in merito alla correttezza, completezza, attualit\u00e0 o qualit\u00e0 delle informazioni e dei dati forniti. La responsabilit\u00e0 per il contenuto delle informazioni reperibili \u00e8 esclusa nella misura in cui non si tratta di informazioni false fornite per dolo o colpa grave.  Sono fatti salvi gli obblighi legali e giuridici di rimozione o interdizione dell\u2019utilizzo delle informazioni. Tale responsabilit\u00e0 tuttavia \u00e8 possibile solo a partire dal momento di presa conoscenza di una concreta violazione della legge. Nel momento in qui tali violazioni vengono riscontrate, provvederemo a rimuovere immediatamente questi contenuti.<\/p>\n<p><strong>RESPONSABILIT\u00c0 PER I LINK<\/strong><br \/>\nIl nostro sito contiene collegamenti a siti web esterni di terze parti, sui quali non esercitiamo alcun controllo. Non ci assumiamo pertanto alcuna responsabilit\u00e0 per i contenuti di questi siti di terzi. Per i contenuti dei siti collegati tramite link la responsabilit\u00e0 ricade sui rispettivi fornitori o gestori. La legalit\u00e0 delle pagine web collegate tramite link \u00e8 stata verificata al momento della creazione del collegamento. Al momento della creazione del collegamento non era riscontrabile alcun contenuto illegale. Tuttavia, non \u00e8 possibile garantire una verifica costante dei contenuti dei siti collegati in assenza di prove concrete di violazione. In caso di segnalazione di violazioni, provvederemo a rimuovere immediatamente i relativi link..<\/p>\n<p><strong>DIRITTO D\u2019AUTORE<\/strong><br \/>\nI contenuti e le opere inseriti nelle  presenti pagine web sono soggetti alla normativa tedesca e svizzera sul diritto d\u2019autore. Tutti i contributi di terzi sono contrassegnati come tali. Non \u00e8 consentita la riproduzione, la modifica, la divulgazione e, per qualsiasi altra forma di sfruttamento che esuli dai limiti previsti dal diritto d\u2019autore, \u00e8 richiesto il consenso scritto del rispettivo autore o compilatore. La produzione di copie delle presenti pagine \u00e8 consentita solo per uso personale e non per finalit\u00e0 commerciali.[\/et_pb_text][\/et_pb_column][\/et_pb_row][\/et_pb_section]<\/p>\n","protected":false},"excerpt":{"rendered":"<p>Note legaliIl presente sito web \u00e8 un\u2019offerta congiunta della societ\u00e0 D\u00e9esse AG con sede in Svizzera e dell\u2019affiliata di questa D\u00e9esse International GmbH con sede in Germania Schweiz\/Suisse\/Svizzera\/Switzerland D\u00c9ESSE AG [&hellip;]<\/p>\n","protected":false},"author":1,"featured_media":0,"parent":0,"menu_order":0,"comment_status":"closed","ping_status":"closed","template":"","meta":{"_acf_changed":false,"_et_pb_use_builder":"on","_et_pb_old_content":"[et_pb_section fb_built=\"1\" module_id=\"imprint\" _builder_version=\"4.19.4\" _module_preset=\"default\" custom_margin=\"||0px||false|false\" custom_padding=\"||0px||false|false\" global_colors_info=\"{}\"][et_pb_row _builder_version=\"4.19.4\" _module_preset=\"default\" custom_margin=\"||0px||false|false\" custom_padding=\"||0px||false|false\" global_colors_info=\"{}\"][et_pb_column type=\"4_4\" _builder_version=\"4.19.4\" _module_preset=\"default\" global_colors_info=\"{}\"][et_pb_text admin_label=\"Impressum\" _builder_version=\"4.19.4\" _module_preset=\"default\" header_2_font=\"|||on|||||\" header_2_text_align=\"center\" custom_margin=\"||0px||false|false\" custom_padding=\"||0px||false|false\" hover_enabled=\"0\" global_colors_info=\"{}\" header_font=\"|||on|||||\" header_text_align=\"center\" sticky_enabled=\"0\"]<h1><em>Impressum<\/em><\/h1>[\/et_pb_text][\/et_pb_column][\/et_pb_row][et_pb_row _builder_version=\"4.19.4\" _module_preset=\"default\" global_colors_info=\"{}\"][et_pb_column type=\"4_4\" _builder_version=\"4.19.4\" _module_preset=\"default\" global_colors_info=\"{}\"][et_pb_text _builder_version=\"4.19.4\" _module_preset=\"default\" header_2_font_size=\"20px\" header_2_font_size_tablet=\"20px\" header_2_font_size_phone=\"20px\" header_2_font_size_last_edited=\"on|desktop\" global_colors_info=\"{}\"]<p>Dieser Internetauftritt ist ein gemeinsames Angebot der D\u00e9esse AG mit Sitz in der Schweiz und deren Tochterunternehmen D\u00e9esse International GmbH<br \/>mit Sitz in Deutschland.<\/p>\r\n<p><strong>Schweiz\/Suisse\/Svizzera\/Switzerland<\/strong><br \/>D\u00c9ESSE AG<br \/>Verwaltungsr\u00e4te\/Vertretungsberechtigte: Stefan Sturdza, Oliver Weidmann<br \/>Industriestrasse 10<br \/>CH-8618 Oetwil am See<br \/>Tel +41 44 929 65 65<br \/>Fax +41 44 929 65 66<br \/>www.deesse.com<br \/>info.ch@deesse.com<br \/>Handelsregister: Kanton Z\u00fcrich, CH-020.3.905.530-5<br \/>Mehrwertsteuer-Nummer: CHE-107.899.495<\/p>\r\n<p>Deutschland\/Allemagne\/Germania\/Germany; European Union\/EU<\/p>\r\n<p>D\u00c9ESSE INTERNATIONAL GMBH<br \/>Gesch\u00e4ftsf\u00fchrer: Stefan Sturdza<br \/>Rudolf-Diesel-Ring 32<br \/>D-82054 Sauerlach<br \/>Tel +49 8104 66 22 0<br \/>Fax +49 8104 66 22 99<br \/>www.deesse.com<br \/>info.eu@deesse.com<br \/>Handelsregister: Amtsgericht M\u00fcnchen, HRB 76498<br \/>USt-IdNr.: DE 129323659<\/p>\r\n<h2>DISCLAIMER \u2013 RECHTLICHE HINWEISE<\/h2>\r\n<p><strong>HAFTUNG F\u00dcR INHALTE<\/strong><br \/>Als Diensteanbieter sind wir f\u00fcr eigene Inhalte auf diesen Seiten nach den geltenden Gesetzen verantwortlich. Die auf unseren Websites abrufbaren Inhalte dienen der allgemeinen Information und nicht der Beratung. Wir sind bem\u00fcht, f\u00fcr die Richtigkeit und Aktualit\u00e4t aller auf unseren Websites enthaltenen Informationen und Daten zu sorgen. F\u00fcr die Korrektheit, die Vollst\u00e4ndigkeit, die Aktualit\u00e4t oder Qualit\u00e4t der bereitgestellten Informationen und Daten wird jedoch keine Gew\u00e4hr \u00fcbernommen. Die Haftung f\u00fcr den Inhalt der abrufbaren Informationen wird ausgeschlossen, soweit es sich nicht um vors\u00e4tzliche oder grob fahrl\u00e4ssige Falschinformation handelt. Verpflichtungen zur Entfernung oder Sperrung der Nutzung von Informationen nach Recht und Gesetz bleiben hiervon unber\u00fchrt. Eine diesbez\u00fcgliche Haftung ist jedoch erst ab dem Zeitpunkt der Kenntnis einer konkreten Rechtsverletzung m\u00f6glich. Bei Bekanntwerden von entsprechenden Rechtsverletzungen werden wir diese Inhalte umgehend entfernen.<\/p>\r\n<p><strong>HAFTUNG F\u00dcR LINKS<\/strong><br \/>Unser Angebot enth\u00e4lt Links zu externen Websites Dritter, auf deren Inhalte wir keinen Einfluss haben. Deshalb k\u00f6nnen wir f\u00fcr diese fremden Inhalte auch keine Gew\u00e4hr \u00fcbernehmen. F\u00fcr die Inhalte der verlinkten Seiten ist stets der jeweilige Anbieter oder Betreiber der Seiten verantwortlich. Die verlinkten Seiten wurden zum Zeitpunkt der Verlinkung auf m\u00f6gliche Rechtsverst\u00f6\u00dfe \u00fcberpr\u00fcft. Rechtswidrige Inhalte waren zum Zeitpunkt der Verlinkung nicht erkennbar. Eine permanente inhaltliche Kontrolle der verlinkten Seiten ist jedoch ohne konkrete Anhaltspunkte einer Rechtsverletzung nicht zumutbar. Bei Bekanntwerden von Rechtsverletzungen werden wir die betreffenden Links umgehend entfernen.<\/p>\r\n<p><strong>URHEBERRECHT<\/strong><br \/>Die von uns erstellten Inhalte und Werke auf diesen Webseiten unterliegen dem deutschen und schweizer Urheberrecht. S\u00e4mtliche Beitr\u00e4ge Dritter sind als solche gekennzeichnet. Die Vervielf\u00e4ltigung, Bearbeitung, Verbreitung und jede Art der Verwertung au\u00dferhalb der Grenzen des Urheberrechts bed\u00fcrfen der schriftlichen Zustimmung des jeweiligen Autors bzw. Erstellers. Kopien von diesen Seiten sind nur f\u00fcr den privaten Bereich gestattet, nicht jedoch f\u00fcr kommerzielle Zwecke.<\/p>[\/et_pb_text][\/et_pb_column][\/et_pb_row][\/et_pb_section]","_et_gb_content_width":"","inline_featured_image":false,"footnotes":""},"class_list":["post-1218","page","type-page","status-publish","hentry"],"acf":[],"yoast_head":"<!-- This site is optimized with the Yoast SEO plugin v24.2 - https:\/\/yoast.com\/wordpress\/plugins\/seo\/ -->\n<title>Impronta &#187; D\u00e9esse Cosmetics<\/title>\n<meta name=\"description\" content=\"Wirksame Kosmetik und hochwertige Nahrungserg\u00e4nzungsmittel dank moderner Forschung und Schweizer Traditionsbewusstsein. Entdecken Sie die Welt von D\u00e9esse.\" \/>\n<meta name=\"robots\" content=\"index, follow, max-snippet:-1, max-image-preview:large, max-video-preview:-1\" \/>\n<link rel=\"canonical\" href=\"https:\/\/www.deesse.com\/it\/impronta\/\" \/>\n<meta property=\"og:locale\" content=\"it_IT\" \/>\n<meta property=\"og:type\" content=\"article\" \/>\n<meta property=\"og:title\" content=\"Impronta &#187; D\u00e9esse Cosmetics\" \/>\n<meta property=\"og:description\" content=\"Wirksame Kosmetik und hochwertige Nahrungserg\u00e4nzungsmittel dank moderner Forschung und Schweizer Traditionsbewusstsein. Entdecken Sie die Welt von D\u00e9esse.\" \/>\n<meta property=\"og:url\" content=\"https:\/\/www.deesse.com\/it\/impronta\/\" \/>\n<meta property=\"og:site_name\" content=\"D\u00e9esse Cosmetics\" \/>\n<meta property=\"article:publisher\" content=\"https:\/\/www.facebook.com\/DeesseCosmeticsOfSwitzerland\" \/>\n<meta property=\"article:modified_time\" content=\"2023-10-09T08:12:49+00:00\" \/>\n<meta property=\"og:image\" content=\"https:\/\/www.deesse.com\/wp-content\/uploads\/2023\/01\/DEESSE-of-Switzerland.png\" \/>\n\t<meta property=\"og:image:width\" content=\"1000\" \/>\n\t<meta property=\"og:image:height\" content=\"343\" \/>\n\t<meta property=\"og:image:type\" content=\"image\/png\" \/>\n<meta name=\"twitter:card\" content=\"summary_large_image\" \/>\n<meta name=\"twitter:label1\" content=\"Tempo di lettura stimato\" \/>\n\t<meta name=\"twitter:data1\" content=\"3 minuti\" \/>\n<script type=\"application\/ld+json\" class=\"yoast-schema-graph\">{\"@context\":\"https:\/\/schema.org\",\"@graph\":[{\"@type\":\"WebPage\",\"@id\":\"https:\/\/www.deesse.com\/it\/impronta\/\",\"url\":\"https:\/\/www.deesse.com\/it\/impronta\/\",\"name\":\"Impronta &#187; D\u00e9esse Cosmetics\",\"isPartOf\":{\"@id\":\"https:\/\/www.deesse.com\/it\/#website\"},\"datePublished\":\"2022-12-19T07:25:13+00:00\",\"dateModified\":\"2023-10-09T08:12:49+00:00\",\"description\":\"Wirksame Kosmetik und hochwertige Nahrungserg\u00e4nzungsmittel dank moderner Forschung und Schweizer Traditionsbewusstsein. Entdecken Sie die Welt von D\u00e9esse.\",\"breadcrumb\":{\"@id\":\"https:\/\/www.deesse.com\/it\/impronta\/#breadcrumb\"},\"inLanguage\":\"it-IT\",\"potentialAction\":[{\"@type\":\"ReadAction\",\"target\":[\"https:\/\/www.deesse.com\/it\/impronta\/\"]}]},{\"@type\":\"BreadcrumbList\",\"@id\":\"https:\/\/www.deesse.com\/it\/impronta\/#breadcrumb\",\"itemListElement\":[{\"@type\":\"ListItem\",\"position\":1,\"name\":\"Startseite\",\"item\":\"https:\/\/www.deesse.com\/it\/\"},{\"@type\":\"ListItem\",\"position\":2,\"name\":\"Impronta\"}]},{\"@type\":\"WebSite\",\"@id\":\"https:\/\/www.deesse.com\/it\/#website\",\"url\":\"https:\/\/www.deesse.com\/it\/\",\"name\":\"D\u00e9esse Cosmetics\",\"description\":\"\",\"potentialAction\":[{\"@type\":\"SearchAction\",\"target\":{\"@type\":\"EntryPoint\",\"urlTemplate\":\"https:\/\/www.deesse.com\/it\/?s={search_term_string}\"},\"query-input\":{\"@type\":\"PropertyValueSpecification\",\"valueRequired\":true,\"valueName\":\"search_term_string\"}}],\"inLanguage\":\"it-IT\"}]}<\/script>\n<!-- \/ Yoast SEO plugin. -->","yoast_head_json":{"title":"Impronta &#187; D\u00e9esse Cosmetics","description":"Wirksame Kosmetik und hochwertige Nahrungserg\u00e4nzungsmittel dank moderner Forschung und Schweizer Traditionsbewusstsein. Entdecken Sie die Welt von D\u00e9esse.","robots":{"index":"index","follow":"follow","max-snippet":"max-snippet:-1","max-image-preview":"max-image-preview:large","max-video-preview":"max-video-preview:-1"},"canonical":"https:\/\/www.deesse.com\/it\/impronta\/","og_locale":"it_IT","og_type":"article","og_title":"Impronta &#187; D\u00e9esse Cosmetics","og_description":"Wirksame Kosmetik und hochwertige Nahrungserg\u00e4nzungsmittel dank moderner Forschung und Schweizer Traditionsbewusstsein. Entdecken Sie die Welt von D\u00e9esse.","og_url":"https:\/\/www.deesse.com\/it\/impronta\/","og_site_name":"D\u00e9esse Cosmetics","article_publisher":"https:\/\/www.facebook.com\/DeesseCosmeticsOfSwitzerland","article_modified_time":"2023-10-09T08:12:49+00:00","og_image":[{"width":1000,"height":343,"url":"https:\/\/www.deesse.com\/wp-content\/uploads\/2023\/01\/DEESSE-of-Switzerland.png","type":"image\/png"}],"twitter_card":"summary_large_image","twitter_misc":{"Tempo di lettura stimato":"3 minuti"},"schema":{"@context":"https:\/\/schema.org","@graph":[{"@type":"WebPage","@id":"https:\/\/www.deesse.com\/it\/impronta\/","url":"https:\/\/www.deesse.com\/it\/impronta\/","name":"Impronta &#187; D\u00e9esse Cosmetics","isPartOf":{"@id":"https:\/\/www.deesse.com\/it\/#website"},"datePublished":"2022-12-19T07:25:13+00:00","dateModified":"2023-10-09T08:12:49+00:00","description":"Wirksame Kosmetik und hochwertige Nahrungserg\u00e4nzungsmittel dank moderner Forschung und Schweizer Traditionsbewusstsein. Entdecken Sie die Welt von D\u00e9esse.","breadcrumb":{"@id":"https:\/\/www.deesse.com\/it\/impronta\/#breadcrumb"},"inLanguage":"it-IT","potentialAction":[{"@type":"ReadAction","target":["https:\/\/www.deesse.com\/it\/impronta\/"]}]},{"@type":"BreadcrumbList","@id":"https:\/\/www.deesse.com\/it\/impronta\/#breadcrumb","itemListElement":[{"@type":"ListItem","position":1,"name":"Startseite","item":"https:\/\/www.deesse.com\/it\/"},{"@type":"ListItem","position":2,"name":"Impronta"}]},{"@type":"WebSite","@id":"https:\/\/www.deesse.com\/it\/#website","url":"https:\/\/www.deesse.com\/it\/","name":"D\u00e9esse Cosmetics","description":"","potentialAction":[{"@type":"SearchAction","target":{"@type":"EntryPoint","urlTemplate":"https:\/\/www.deesse.com\/it\/?s={search_term_string}"},"query-input":{"@type":"PropertyValueSpecification","valueRequired":true,"valueName":"search_term_string"}}],"inLanguage":"it-IT"}]}},"_links":{"self":[{"href":"https:\/\/www.deesse.com\/it\/wp-json\/wp\/v2\/pages\/1218","targetHints":{"allow":["GET"]}}],"collection":[{"href":"https:\/\/www.deesse.com\/it\/wp-json\/wp\/v2\/pages"}],"about":[{"href":"https:\/\/www.deesse.com\/it\/wp-json\/wp\/v2\/types\/page"}],"author":[{"embeddable":true,"href":"https:\/\/www.deesse.com\/it\/wp-json\/wp\/v2\/users\/1"}],"replies":[{"embeddable":true,"href":"https:\/\/www.deesse.com\/it\/wp-json\/wp\/v2\/comments?post=1218"}],"version-history":[{"count":8,"href":"https:\/\/www.deesse.com\/it\/wp-json\/wp\/v2\/pages\/1218\/revisions"}],"predecessor-version":[{"id":5618,"href":"https:\/\/www.deesse.com\/it\/wp-json\/wp\/v2\/pages\/1218\/revisions\/5618"}],"wp:attachment":[{"href":"https:\/\/www.deesse.com\/it\/wp-json\/wp\/v2\/media?parent=1218"}],"curies":[{"name":"wp","href":"https:\/\/api.w.org\/{rel}","templated":true}]}}