{"id":6208,"date":"2022-12-19T09:25:13","date_gmt":"2022-12-19T07:25:13","guid":{"rendered":"https:\/\/www.deesse.com\/?page_id=6208"},"modified":"2023-12-05T17:31:17","modified_gmt":"2023-12-05T15:31:17","slug":"impressum","status":"publish","type":"page","link":"https:\/\/www.deesse.com\/nl\/impressum\/","title":{"rendered":"Impressum"},"content":{"rendered":"<p>[et_pb_section fb_built=&#8221;1&#8243; module_id=&#8221;imprint&#8221; _builder_version=&#8221;4.19.4&#8243; _module_preset=&#8221;default&#8221; custom_margin=&#8221;||0px||false|false&#8221; custom_padding=&#8221;||0px||false|false&#8221; global_colors_info=&#8221;{}&#8221;][et_pb_row _builder_version=&#8221;4.19.4&#8243; _module_preset=&#8221;default&#8221; custom_margin=&#8221;||0px||false|false&#8221; custom_padding=&#8221;||0px||false|false&#8221; global_colors_info=&#8221;{}&#8221;][et_pb_column type=&#8221;4_4&#8243; _builder_version=&#8221;4.19.4&#8243; _module_preset=&#8221;default&#8221; global_colors_info=&#8221;{}&#8221;][et_pb_text admin_label=&#8221;Impressum&#8221; _builder_version=&#8221;4.22.1&#8243; _module_preset=&#8221;default&#8221; header_font=&#8221;|||on|||||&#8221; header_text_align=&#8221;center&#8221; header_2_font=&#8221;|||on|||||&#8221; header_2_text_align=&#8221;center&#8221; custom_margin=&#8221;||0px||false|false&#8221; custom_padding=&#8221;||0px||false|false&#8221; global_colors_info=&#8221;{}&#8221;]<\/p>\n<h1><em>Impressum<\/em><\/h1>\n<p>[\/et_pb_text][\/et_pb_column][\/et_pb_row][et_pb_row _builder_version=&#8221;4.19.4&#8243; _module_preset=&#8221;default&#8221; global_colors_info=&#8221;{}&#8221;][et_pb_column type=&#8221;4_4&#8243; _builder_version=&#8221;4.19.4&#8243; _module_preset=&#8221;default&#8221; global_colors_info=&#8221;{}&#8221;][et_pb_text _builder_version=&#8221;4.22.1&#8243; _module_preset=&#8221;default&#8221; header_2_font_size=&#8221;20px&#8221; hover_enabled=&#8221;0&#8243; header_2_font_size_tablet=&#8221;20px&#8221; header_2_font_size_phone=&#8221;20px&#8221; header_2_font_size_last_edited=&#8221;on|desktop&#8221; global_colors_info=&#8221;{}&#8221; sticky_enabled=&#8221;0&#8243;]Deze website is een gezamenlijk aanbod van D\u00e9esse AG gevestigd in Zwitserland en haar dochteronderneming D\u00e9esse International GmbH gevestigd in Duitsland.<\/p>\n<p>Zwitserland:<br \/>\n<strong>D\u00c9ESSE AG<\/strong><br \/>\nBestuursleden\/gemachtigden: Stefan Sturdza, Oliver Weidmann<br \/>\nIndustriestrasse 10<br \/>\nCH-8618 Oetwil am See<br \/>\nTel +41 44 929 65 65<br \/>\nFax +41 44 929 65 66<br \/>\nwww.deesse.com<br \/>\nhello@deesse.com<br \/>\nHandelsregister: Kanton Z\u00fcrich, CH-020.3.905.530-5<br \/>\nBelasting over de toegevoegde waarde-Nummer: CHE-107.899.495<\/p>\n<p>Duitsland; European Union\/EU:<br \/>\n<strong>D\u00c9ESSE INTERNATIONAL GMBH<\/strong><br \/>\nGesch\u00e4ftsf\u00fchrer: Stefan Sturdza<br \/>\nKeltenring 14<br \/>\nD-82041 Oberhaching<br \/>\nTel +49 89 230 2150-0<br \/>\nFax +49 89 230 2150 99<br \/>\nwww.deesse.com<br \/>\nhello@deesse.com<br \/>\nHandelsregister: Amtsgericht M\u00fcnchen, HRB 76498<br \/>\nUSt-IdNr.: DE 129323659<\/p>\n<h2>DISCLAIMER &#8211; WETTELIJKE OPMERKINGEN<\/h2>\n<p><strong>AANSPRAKELIJKHEID VOOR DE INHOUD\u00a0<\/strong><br \/>\nAls dienstverlener zijn wij verantwoordelijk voor onze eigen inhoud op deze pagina&#8217;s in overeenstemming met de toepasselijke wetgeving. De op onze websites beschikbare inhoud is bedoeld voor algemene informatiedoeleinden en niet voor het verstrekken van advies. Wij trachten ervoor te zorgen dat alle informatie en gegevens op onze websites correct en up-to-date zijn. Er wordt echter geen verantwoordelijkheid genomen voor de juistheid, volledigheid, actualiteit of kwaliteit van de verstrekte informatie en gegevens. Aansprakelijkheid voor de inhoud van de opvraagbare informatie is uitgesloten, voor zover het niet gaat om opzettelijke of door grove nalatigheid veroorzaakte onjuiste informatie. Verplichtingen tot verwijdering of blokkering van het gebruik van informatie volgens de wet blijven hierdoor onaangetast. Aansprakelijkheid in dit verband is echter pas mogelijk vanaf het tijdstip waarop kennis is genomen van een concrete inbreuk. Indien wij kennis krijgen van dergelijke inbreuken, zullen wij deze inhoud onmiddellijk verwijderen.<\/p>\n<p><strong>AANSPRAKELIJKHEID VOOR LINKS\u00a0\u00a0<\/strong><br \/>\nOns aanbod bevat links naar externe websites van derden, op de inhoud waarvan wij geen invloed hebben. Daarom kunnen wij geen verantwoordelijkheid nemen voor deze externe inhoud. Voor de inhoud van de gelinkte pagina&#8217;s is steeds de desbetreffende aanbieder of exploitant van de pagina&#8217;s verantwoordelijk. De gelinkte pagina&#8217;s werden gecontroleerd op mogelijke wettelijke overtredingen op het ogenblik van het linken. Illegale inhoud was niet herkenbaar op het moment van koppelen. Een permanente controle van de inhoud van de gelinkte pagina&#8217;s is echter niet redelijk zonder concreet bewijs van een overtreding van de wet. Indien wij kennis krijgen van inbreuken op de wet, zullen wij de betrokken links onmiddellijk verwijderen.<\/p>\n<p><strong>COPYRIGHT<\/strong><br \/>\nDe door ons op deze webpagina&#8217;s gemaakte inhoud en werken zijn onderworpen aan het Duitse en Zwitserse auteursrecht. Alle bijdragen van derden zijn als zodanig gemarkeerd. Voor reproductie, bewerking, verspreiding en elke vorm van exploitatie buiten de grenzen van het auteursrecht is de schriftelijke toestemming van de respectieve auteur of maker vereist. Kopie\u00ebn van deze pagina&#8217;s zijn alleen toegestaan voor priv\u00e9-gebruik, maar niet voor commerci\u00eble doeleinden.[\/et_pb_text][\/et_pb_column][\/et_pb_row][\/et_pb_section]<\/p>\n","protected":false},"excerpt":{"rendered":"<p>Impressum Deze website is een gezamenlijk aanbod van D\u00e9esse AG gevestigd in Zwitserland en haar dochteronderneming D\u00e9esse International GmbH gevestigd in Duitsland. Zwitserland: D\u00c9ESSE AG Bestuursleden\/gemachtigden: Stefan Sturdza, Oliver Weidmann [&hellip;]<\/p>\n","protected":false},"author":2,"featured_media":0,"parent":0,"menu_order":0,"comment_status":"closed","ping_status":"closed","template":"","meta":{"_acf_changed":false,"_et_pb_use_builder":"on","_et_pb_old_content":"","_et_gb_content_width":"","inline_featured_image":false,"footnotes":""},"class_list":["post-6208","page","type-page","status-publish","hentry"],"acf":[],"yoast_head":"<!-- This site is optimized with the Yoast SEO plugin v24.2 - https:\/\/yoast.com\/wordpress\/plugins\/seo\/ -->\n<title>Impressum &#187; D\u00e9esse Cosmetics<\/title>\n<meta name=\"description\" content=\"Wirksame Kosmetik und hochwertige Nahrungserg\u00e4nzungsmittel dank moderner Forschung und Schweizer Traditionsbewusstsein. Entdecken Sie die Welt von D\u00e9esse.\" \/>\n<meta name=\"robots\" content=\"index, follow, max-snippet:-1, max-image-preview:large, max-video-preview:-1\" \/>\n<link rel=\"canonical\" href=\"https:\/\/www.deesse.com\/nl\/impressum\/\" \/>\n<meta property=\"og:locale\" content=\"nl_NL\" \/>\n<meta property=\"og:type\" content=\"article\" \/>\n<meta property=\"og:title\" content=\"Impressum &#187; D\u00e9esse Cosmetics\" \/>\n<meta property=\"og:description\" content=\"Wirksame Kosmetik und hochwertige Nahrungserg\u00e4nzungsmittel dank moderner Forschung und Schweizer Traditionsbewusstsein. Entdecken Sie die Welt von D\u00e9esse.\" \/>\n<meta property=\"og:url\" content=\"https:\/\/www.deesse.com\/nl\/impressum\/\" \/>\n<meta property=\"og:site_name\" content=\"D\u00e9esse Cosmetics\" \/>\n<meta property=\"article:publisher\" content=\"https:\/\/www.facebook.com\/DeesseCosmeticsOfSwitzerland\" \/>\n<meta property=\"article:modified_time\" content=\"2023-12-05T15:31:17+00:00\" \/>\n<meta property=\"og:image\" content=\"https:\/\/www.deesse.com\/wp-content\/uploads\/2023\/01\/DEESSE-of-Switzerland.png\" \/>\n\t<meta property=\"og:image:width\" content=\"1000\" \/>\n\t<meta property=\"og:image:height\" content=\"343\" \/>\n\t<meta property=\"og:image:type\" content=\"image\/png\" \/>\n<meta name=\"twitter:card\" content=\"summary_large_image\" \/>\n<meta name=\"twitter:label1\" content=\"Geschatte leestijd\" \/>\n\t<meta name=\"twitter:data1\" content=\"3 minuten\" \/>\n<script type=\"application\/ld+json\" class=\"yoast-schema-graph\">{\"@context\":\"https:\/\/schema.org\",\"@graph\":[{\"@type\":\"WebPage\",\"@id\":\"https:\/\/www.deesse.com\/nl\/impressum\/\",\"url\":\"https:\/\/www.deesse.com\/nl\/impressum\/\",\"name\":\"Impressum &#187; D\u00e9esse Cosmetics\",\"isPartOf\":{\"@id\":\"https:\/\/www.deesse.com\/nl\/#website\"},\"datePublished\":\"2022-12-19T07:25:13+00:00\",\"dateModified\":\"2023-12-05T15:31:17+00:00\",\"description\":\"Wirksame Kosmetik und hochwertige Nahrungserg\u00e4nzungsmittel dank moderner Forschung und Schweizer Traditionsbewusstsein. Entdecken Sie die Welt von D\u00e9esse.\",\"breadcrumb\":{\"@id\":\"https:\/\/www.deesse.com\/nl\/impressum\/#breadcrumb\"},\"inLanguage\":\"nl-NL\",\"potentialAction\":[{\"@type\":\"ReadAction\",\"target\":[\"https:\/\/www.deesse.com\/nl\/impressum\/\"]}]},{\"@type\":\"BreadcrumbList\",\"@id\":\"https:\/\/www.deesse.com\/nl\/impressum\/#breadcrumb\",\"itemListElement\":[{\"@type\":\"ListItem\",\"position\":1,\"name\":\"Startseite\",\"item\":\"https:\/\/www.deesse.com\/nl\/\"},{\"@type\":\"ListItem\",\"position\":2,\"name\":\"Impressum\"}]},{\"@type\":\"WebSite\",\"@id\":\"https:\/\/www.deesse.com\/nl\/#website\",\"url\":\"https:\/\/www.deesse.com\/nl\/\",\"name\":\"D\u00e9esse Cosmetics\",\"description\":\"\",\"potentialAction\":[{\"@type\":\"SearchAction\",\"target\":{\"@type\":\"EntryPoint\",\"urlTemplate\":\"https:\/\/www.deesse.com\/nl\/?s={search_term_string}\"},\"query-input\":{\"@type\":\"PropertyValueSpecification\",\"valueRequired\":true,\"valueName\":\"search_term_string\"}}],\"inLanguage\":\"nl-NL\"}]}<\/script>\n<!-- \/ Yoast SEO plugin. -->","yoast_head_json":{"title":"Impressum &#187; D\u00e9esse Cosmetics","description":"Wirksame Kosmetik und hochwertige Nahrungserg\u00e4nzungsmittel dank moderner Forschung und Schweizer Traditionsbewusstsein. Entdecken Sie die Welt von D\u00e9esse.","robots":{"index":"index","follow":"follow","max-snippet":"max-snippet:-1","max-image-preview":"max-image-preview:large","max-video-preview":"max-video-preview:-1"},"canonical":"https:\/\/www.deesse.com\/nl\/impressum\/","og_locale":"nl_NL","og_type":"article","og_title":"Impressum &#187; D\u00e9esse Cosmetics","og_description":"Wirksame Kosmetik und hochwertige Nahrungserg\u00e4nzungsmittel dank moderner Forschung und Schweizer Traditionsbewusstsein. Entdecken Sie die Welt von D\u00e9esse.","og_url":"https:\/\/www.deesse.com\/nl\/impressum\/","og_site_name":"D\u00e9esse Cosmetics","article_publisher":"https:\/\/www.facebook.com\/DeesseCosmeticsOfSwitzerland","article_modified_time":"2023-12-05T15:31:17+00:00","og_image":[{"width":1000,"height":343,"url":"https:\/\/www.deesse.com\/wp-content\/uploads\/2023\/01\/DEESSE-of-Switzerland.png","type":"image\/png"}],"twitter_card":"summary_large_image","twitter_misc":{"Geschatte leestijd":"3 minuten"},"schema":{"@context":"https:\/\/schema.org","@graph":[{"@type":"WebPage","@id":"https:\/\/www.deesse.com\/nl\/impressum\/","url":"https:\/\/www.deesse.com\/nl\/impressum\/","name":"Impressum &#187; D\u00e9esse Cosmetics","isPartOf":{"@id":"https:\/\/www.deesse.com\/nl\/#website"},"datePublished":"2022-12-19T07:25:13+00:00","dateModified":"2023-12-05T15:31:17+00:00","description":"Wirksame Kosmetik und hochwertige Nahrungserg\u00e4nzungsmittel dank moderner Forschung und Schweizer Traditionsbewusstsein. Entdecken Sie die Welt von D\u00e9esse.","breadcrumb":{"@id":"https:\/\/www.deesse.com\/nl\/impressum\/#breadcrumb"},"inLanguage":"nl-NL","potentialAction":[{"@type":"ReadAction","target":["https:\/\/www.deesse.com\/nl\/impressum\/"]}]},{"@type":"BreadcrumbList","@id":"https:\/\/www.deesse.com\/nl\/impressum\/#breadcrumb","itemListElement":[{"@type":"ListItem","position":1,"name":"Startseite","item":"https:\/\/www.deesse.com\/nl\/"},{"@type":"ListItem","position":2,"name":"Impressum"}]},{"@type":"WebSite","@id":"https:\/\/www.deesse.com\/nl\/#website","url":"https:\/\/www.deesse.com\/nl\/","name":"D\u00e9esse Cosmetics","description":"","potentialAction":[{"@type":"SearchAction","target":{"@type":"EntryPoint","urlTemplate":"https:\/\/www.deesse.com\/nl\/?s={search_term_string}"},"query-input":{"@type":"PropertyValueSpecification","valueRequired":true,"valueName":"search_term_string"}}],"inLanguage":"nl-NL"}]}},"_links":{"self":[{"href":"https:\/\/www.deesse.com\/nl\/wp-json\/wp\/v2\/pages\/6208","targetHints":{"allow":["GET"]}}],"collection":[{"href":"https:\/\/www.deesse.com\/nl\/wp-json\/wp\/v2\/pages"}],"about":[{"href":"https:\/\/www.deesse.com\/nl\/wp-json\/wp\/v2\/types\/page"}],"author":[{"embeddable":true,"href":"https:\/\/www.deesse.com\/nl\/wp-json\/wp\/v2\/users\/2"}],"replies":[{"embeddable":true,"href":"https:\/\/www.deesse.com\/nl\/wp-json\/wp\/v2\/comments?post=6208"}],"version-history":[{"count":1,"href":"https:\/\/www.deesse.com\/nl\/wp-json\/wp\/v2\/pages\/6208\/revisions"}],"predecessor-version":[{"id":6209,"href":"https:\/\/www.deesse.com\/nl\/wp-json\/wp\/v2\/pages\/6208\/revisions\/6209"}],"wp:attachment":[{"href":"https:\/\/www.deesse.com\/nl\/wp-json\/wp\/v2\/media?parent=6208"}],"curies":[{"name":"wp","href":"https:\/\/api.w.org\/{rel}","templated":true}]}}